{"id":14781,"date":"2020-07-31T18:15:52","date_gmt":"2020-07-31T21:15:52","guid":{"rendered":"http:\/\/cercaviva.agr.br\/?page_id=14781"},"modified":"2023-09-11T11:03:28","modified_gmt":"2023-09-11T14:03:28","slug":"servico-tecnico-cerca-viva","status":"publish","type":"page","link":"https:\/\/cercaviva.agr.br\/?page_id=14781","title":{"rendered":"Servi\u00e7o T\u00e9cnico"},"content":{"rendered":"<div class=\"wpb-content-wrapper\"><p>[vc_row][vc_column][vc_column_text]<\/p>\n<p class=\"p1\" style=\"text-align: center;\">Oferecemos solu\u00e7\u00f5es confi\u00e1veis com excelente custo-benef\u00edcio.<\/p>\n<p>[\/vc_column_text]\r\n\t<div class=\"agrikole-spacer clearfix\" data-desktop=\"80\" data-mobi=\"0\" data-smobi=\"0\"><\/div>[\/vc_column][\/vc_row][vc_row][vc_column width=&#8221;1\/3&#8243;]<div class=\"agrikole-headings clearfix text-center\"  style=\"\"><h2 class=\"heading clearfix \" style=\"\">\r\n\t\tDefensivos Agr\u00edcolas\r\n\t<\/h2><\/div><div class=\"agrikole-image-box clearfix style-1  image-hover\" style=\"\" >\r\n        <div class=\"item\">\r\n            <div class=\"inner\">\r\n                <div class=\"thumb\" style=\"border-radius:20px; overflow:hidden;\"><div class=\"hover-image\">\r\n        <a target=\"_blank\" class=\"arrow\" href=\"http:\/\/cercaviva.agr.br\/defensivos-agricolas\/\">\r\n            <span class=\"core-icon-next\"><\/span>\r\n        <\/a>\r\n        <\/div> <img decoding=\"async\" width=\"750\" height=\"450\" src=\"https:\/\/cercaviva.agr.br\/wp-content\/uploads\/2020\/07\/defensivos-750x450-1.jpg\" class=\"attachment-full size-full\" alt=\"\" srcset=\"https:\/\/cercaviva.agr.br\/wp-content\/uploads\/2020\/07\/defensivos-750x450-1.jpg 750w, https:\/\/cercaviva.agr.br\/wp-content\/uploads\/2020\/07\/defensivos-750x450-1-300x180.jpg 300w\" sizes=\"(max-width: 750px) 100vw, 750px\" \/><\/div>\r\n                <div class=\"text-wrap \" style=\" padding:45px 50px 43px;\">\r\n                      \r\n                <\/div>\r\n            <\/div>\r\n        <\/div>\r\n    <\/div>[\/vc_column][vc_column width=&#8221;1\/3&#8243;]<div class=\"agrikole-headings clearfix text-center\"  style=\"\"><h2 class=\"heading clearfix \" style=\"\">\r\n\t\tFertilizantes\r\n\t<\/h2><\/div><div class=\"agrikole-image-box clearfix style-1  image-hover\" style=\"\" >\r\n        <div class=\"item\">\r\n            <div class=\"inner\">\r\n                <div class=\"thumb\" style=\"border-radius:20px; overflow:hidden;\"><div class=\"hover-image\">\r\n        <a target=\"_blank\" class=\"arrow\" href=\"http:\/\/cercaviva.agr.br\/fertilizantes\/\">\r\n            <span class=\"core-icon-next\"><\/span>\r\n        <\/a>\r\n        <\/div> <img decoding=\"async\" width=\"750\" height=\"450\" src=\"https:\/\/cercaviva.agr.br\/wp-content\/uploads\/2020\/07\/adubo-750x450-1.jpg\" class=\"attachment-full size-full\" alt=\"\" srcset=\"https:\/\/cercaviva.agr.br\/wp-content\/uploads\/2020\/07\/adubo-750x450-1.jpg 750w, https:\/\/cercaviva.agr.br\/wp-content\/uploads\/2020\/07\/adubo-750x450-1-300x180.jpg 300w\" sizes=\"(max-width: 750px) 100vw, 750px\" \/><\/div>\r\n                <div class=\"text-wrap \" style=\" padding:45px 50px 43px;\">\r\n                      \r\n                <\/div>\r\n            <\/div>\r\n        <\/div>\r\n    <\/div>[\/vc_column][vc_column width=&#8221;1\/3&#8243;]<div class=\"agrikole-headings clearfix text-center\"  style=\"\"><h2 class=\"heading clearfix \" style=\"\">\r\n\t\tSementes\r\n\t<\/h2><\/div><div class=\"agrikole-image-box clearfix style-1  image-hover\" style=\"\" >\r\n        <div class=\"item\">\r\n            <div class=\"inner\">\r\n                <div class=\"thumb\" style=\"border-radius:20px; overflow:hidden;\"><div class=\"hover-image\">\r\n        <a target=\"_blank\" class=\"arrow\" href=\"http:\/\/cercaviva.agr.br\/sementes\/\">\r\n            <span class=\"core-icon-next\"><\/span>\r\n        <\/a>\r\n        <\/div> <img decoding=\"async\" width=\"750\" height=\"450\" src=\"https:\/\/cercaviva.agr.br\/wp-content\/uploads\/2020\/07\/semente-750x450-1.jpg\" class=\"attachment-full size-full\" alt=\"\" srcset=\"https:\/\/cercaviva.agr.br\/wp-content\/uploads\/2020\/07\/semente-750x450-1.jpg 750w, https:\/\/cercaviva.agr.br\/wp-content\/uploads\/2020\/07\/semente-750x450-1-300x180.jpg 300w\" sizes=\"(max-width: 750px) 100vw, 750px\" \/><\/div>\r\n                <div class=\"text-wrap \" style=\" padding:45px 50px 43px;\">\r\n                      \r\n                <\/div>\r\n            <\/div>\r\n        <\/div>\r\n    <\/div>[\/vc_column][\/vc_row][vc_row disable_element=&#8221;yes&#8221;][vc_column][vc_column_text]Oferecemos solu\u00e7\u00f5es confi\u00e1veis em sistemas de <a href=\"https:\/\/sistemasdeproducao.cnptia.embrapa.br\/FontesHTML\/Melancia\/SistemaProducaoMelancia\/irrigacao.htm\">irriga\u00e7\u00e3o<\/a> por gotejamento, com excelente custo-benef\u00edcio. Com engenharia \u00fanica para distribuir uniformemente a vaz\u00e3o da linha de gotejadores, nossos produtos garantem cada gota gotejada, mesmo nos ambientes mais exigentes.Oferecemos solu\u00e7\u00f5es confi\u00e1veis em sistemas de irriga\u00e7\u00e3o por gotejamento, com excelente custo-benef\u00edcio. Com engenharia \u00fanica para distribuir uniformemente a vaz\u00e3o da linha de gotejadores, nossos produtos garantem cada gota gotejada, mesmo nos ambientes mais exigentes.Oferecemos solu\u00e7\u00f5es confi\u00e1veis em sistemas de irriga\u00e7\u00e3o por gotejamento, com excelente custo-benef\u00edcio. Com engenharia \u00fanica para distribuir uniformemente a vaz\u00e3o da linha de gotejadores, nossos produtos garantem cada gota gotejada, mesmo nos ambientes mais exigentes.Oferecemos solu\u00e7\u00f5es confi\u00e1veis em sistemas de irriga\u00e7\u00e3o por gotejamento, com excelente custo-benef\u00edcio. Com engenharia \u00fanica para distribuir uniformemente a vaz\u00e3o da linha de gotejadores, nossos produtos garantem cada gota gotejada, mesmo nos ambientes mais exigentes.Oferecemos solu\u00e7\u00f5es confi\u00e1veis em sistemas de irriga\u00e7\u00e3o por gotejamento, com excelente custo-benef\u00edcio. Com engenharia \u00fanica para distribuir uniformemente a vaz\u00e3o da linha de gotejadores, nossos produtos garantem cada gota gotejada, mesmo nos ambientes mais exigentes.Oferecemos solu\u00e7\u00f5es confi\u00e1veis em sistemas de irriga\u00e7\u00e3o por gotejamento, com excelente custo-benef\u00edcio. Com engenharia \u00fanica para distribuir uniformemente a vaz\u00e3o da linha de gotejadores, nossos produtos garantem cada gota gotejada, mesmo nos ambientes mais exigentes.Oferecemos solu\u00e7\u00f5es confi\u00e1veis em sistemas de irriga\u00e7\u00e3o por gotejamento, com excelente custo-benef\u00edcio. Com engenharia \u00fanica para distribuir uniformemente a vaz\u00e3o da linha de gotejadores, nossos produtos garantem cada gota gotejada, mesmo nos ambientes mais exigentes.Oferecemos solu\u00e7\u00f5es confi\u00e1veis em sistemas de irriga\u00e7\u00e3o por gotejamento, com excelente custo-benef\u00edcio. Com engenharia \u00fanica para distribuir uniformemente a vaz\u00e3o da linha de gotejadores, nossos produtos garantem cada gota gotejada, mesmo nos ambientes mais exigentes. <a href=\"http:\/\/cercaviva.agr.br\/servicotecnico\/\">Servi\u00e7o T\u00e9cnico<\/a> Cerca Viva Servi\u00e7o T\u00e9cnico Cerca Viva<\/p>\n<p>&nbsp;<\/p>\n<p>keywords: Pragas, Doen\u00e7as, Citrus, Soja, Milho, Caf\u00e9, HF, Insumos agr\u00edcolas, Defensivos, Assist\u00eancia t\u00e9cnica, Sementes, Nutri\u00e7\u00e3o plantas, Tomate[\/vc_column_text][\/vc_column][\/vc_row]<\/p>\n<\/div>","protected":false},"excerpt":{"rendered":"<p>[vc_row][vc_column][vc_column_text] Oferecemos solu\u00e7\u00f5es confi\u00e1veis com excelente custo-benef\u00edcio. [\/vc_column_text][\/vc_column][\/vc_row][vc_row][vc_column width=&#8221;1\/3&#8243;][\/vc_column][vc_column width=&#8221;1\/3&#8243;][\/vc_column][vc_column width=&#8221;1\/3&#8243;][\/vc_column][\/vc_row][vc_row disable_element=&#8221;yes&#8221;][vc_column][vc_column_text]Oferecemos solu\u00e7\u00f5es confi\u00e1veis em sistemas de irriga\u00e7\u00e3o por gotejamento, com excelente custo-benef\u00edcio. Com engenharia \u00fanica para distribuir uniformemente a vaz\u00e3o da linha de gotejadores, nossos produtos garantem cada gota gotejada, mesmo nos ambientes mais exigentes.Oferecemos solu\u00e7\u00f5es confi\u00e1veis em sistemas<\/p>\n","protected":false},"author":1,"featured_media":14782,"parent":0,"menu_order":0,"comment_status":"closed","ping_status":"closed","template":"","meta":{"_monsterinsights_skip_tracking":false,"_monsterinsights_sitenote_active":false,"_monsterinsights_sitenote_note":"","_monsterinsights_sitenote_category":0,"footnotes":""},"class_list":["post-14781","page","type-page","status-publish","has-post-thumbnail","hentry"],"yoast_head":"<!-- This site is optimized with the Yoast SEO plugin v27.0 - https:\/\/yoast.com\/product\/yoast-seo-wordpress\/ -->\n<title>Servi\u00e7o T\u00e9cnico Cerca Viva - Com\u00e9rcio de Produtos Agr\u00edcolas<\/title>\n<meta name=\"description\" content=\"Oferecemos solu\u00e7\u00f5es confi\u00e1veis em sistemas de irriga\u00e7\u00e3o por gotejamento, com excelente custo-benef\u00edcio. Servi\u00e7o T\u00e9cnico Cerca Viva.\" \/>\n<meta name=\"robots\" content=\"index, follow, max-snippet:-1, max-image-preview:large, max-video-preview:-1\" \/>\n<link rel=\"canonical\" href=\"https:\/\/cercaviva.agr.br\/?page_id=14781\" \/>\n<meta property=\"og:locale\" content=\"pt_BR\" \/>\n<meta property=\"og:type\" content=\"article\" \/>\n<meta property=\"og:title\" content=\"Servi\u00e7o T\u00e9cnico Cerca Viva - Com\u00e9rcio de Produtos Agr\u00edcolas\" \/>\n<meta property=\"og:description\" content=\"Oferecemos solu\u00e7\u00f5es confi\u00e1veis em sistemas de irriga\u00e7\u00e3o por gotejamento, com excelente custo-benef\u00edcio. Servi\u00e7o T\u00e9cnico Cerca Viva.\" \/>\n<meta property=\"og:url\" content=\"https:\/\/cercaviva.agr.br\/?page_id=14781\" \/>\n<meta property=\"og:site_name\" content=\"Cerca Viva\" \/>\n<meta property=\"article:modified_time\" content=\"2023-09-11T14:03:28+00:00\" \/>\n<meta property=\"og:image\" content=\"https:\/\/cercaviva.agr.br\/wp-content\/uploads\/2020\/07\/irrigacao-banner-titulo-1.jpg\" \/>\n\t<meta property=\"og:image:width\" content=\"1920\" \/>\n\t<meta property=\"og:image:height\" content=\"400\" \/>\n\t<meta property=\"og:image:type\" content=\"image\/jpeg\" \/>\n<meta name=\"twitter:card\" content=\"summary_large_image\" \/>\n<meta name=\"twitter:label1\" content=\"Est. tempo de leitura\" \/>\n\t<meta name=\"twitter:data1\" content=\"2 minutos\" \/>\n<script type=\"application\/ld+json\" class=\"yoast-schema-graph\">{\"@context\":\"https:\/\/schema.org\",\"@graph\":[{\"@type\":\"WebPage\",\"@id\":\"https:\/\/cercaviva.agr.br\/?page_id=14781\",\"url\":\"https:\/\/cercaviva.agr.br\/?page_id=14781\",\"name\":\"Servi\u00e7o T\u00e9cnico Cerca Viva - Com\u00e9rcio de Produtos Agr\u00edcolas\",\"isPartOf\":{\"@id\":\"https:\/\/cercaviva.agr.br\/#website\"},\"primaryImageOfPage\":{\"@id\":\"https:\/\/cercaviva.agr.br\/?page_id=14781#primaryimage\"},\"image\":{\"@id\":\"https:\/\/cercaviva.agr.br\/?page_id=14781#primaryimage\"},\"thumbnailUrl\":\"https:\/\/cercaviva.agr.br\/wp-content\/uploads\/2020\/07\/irrigacao-banner-titulo-1.jpg\",\"datePublished\":\"2020-07-31T21:15:52+00:00\",\"dateModified\":\"2023-09-11T14:03:28+00:00\",\"description\":\"Oferecemos solu\u00e7\u00f5es confi\u00e1veis em sistemas de irriga\u00e7\u00e3o por gotejamento, com excelente custo-benef\u00edcio. Servi\u00e7o T\u00e9cnico Cerca Viva.\",\"breadcrumb\":{\"@id\":\"https:\/\/cercaviva.agr.br\/?page_id=14781#breadcrumb\"},\"inLanguage\":\"pt-BR\",\"potentialAction\":[{\"@type\":\"ReadAction\",\"target\":[\"https:\/\/cercaviva.agr.br\/?page_id=14781\"]}]},{\"@type\":\"ImageObject\",\"inLanguage\":\"pt-BR\",\"@id\":\"https:\/\/cercaviva.agr.br\/?page_id=14781#primaryimage\",\"url\":\"https:\/\/cercaviva.agr.br\/wp-content\/uploads\/2020\/07\/irrigacao-banner-titulo-1.jpg\",\"contentUrl\":\"https:\/\/cercaviva.agr.br\/wp-content\/uploads\/2020\/07\/irrigacao-banner-titulo-1.jpg\",\"width\":1920,\"height\":400,\"caption\":\"Servi\u00e7o T\u00e9cnico Cerca Viva\"},{\"@type\":\"BreadcrumbList\",\"@id\":\"https:\/\/cercaviva.agr.br\/?page_id=14781#breadcrumb\",\"itemListElement\":[{\"@type\":\"ListItem\",\"position\":1,\"name\":\"In\u00edcio\",\"item\":\"https:\/\/cercaviva.agr.br\/\"},{\"@type\":\"ListItem\",\"position\":2,\"name\":\"Servi\u00e7o T\u00e9cnico\"}]},{\"@type\":\"WebSite\",\"@id\":\"https:\/\/cercaviva.agr.br\/#website\",\"url\":\"https:\/\/cercaviva.agr.br\/\",\"name\":\"Cerca Viva\",\"description\":\"\",\"potentialAction\":[{\"@type\":\"SearchAction\",\"target\":{\"@type\":\"EntryPoint\",\"urlTemplate\":\"https:\/\/cercaviva.agr.br\/?s={search_term_string}\"},\"query-input\":{\"@type\":\"PropertyValueSpecification\",\"valueRequired\":true,\"valueName\":\"search_term_string\"}}],\"inLanguage\":\"pt-BR\"}]}<\/script>\n<!-- \/ Yoast SEO plugin. -->","yoast_head_json":{"title":"Servi\u00e7o T\u00e9cnico Cerca Viva - Com\u00e9rcio de Produtos Agr\u00edcolas","description":"Oferecemos solu\u00e7\u00f5es confi\u00e1veis em sistemas de irriga\u00e7\u00e3o por gotejamento, com excelente custo-benef\u00edcio. Servi\u00e7o T\u00e9cnico Cerca Viva.","robots":{"index":"index","follow":"follow","max-snippet":"max-snippet:-1","max-image-preview":"max-image-preview:large","max-video-preview":"max-video-preview:-1"},"canonical":"https:\/\/cercaviva.agr.br\/?page_id=14781","og_locale":"pt_BR","og_type":"article","og_title":"Servi\u00e7o T\u00e9cnico Cerca Viva - Com\u00e9rcio de Produtos Agr\u00edcolas","og_description":"Oferecemos solu\u00e7\u00f5es confi\u00e1veis em sistemas de irriga\u00e7\u00e3o por gotejamento, com excelente custo-benef\u00edcio. Servi\u00e7o T\u00e9cnico Cerca Viva.","og_url":"https:\/\/cercaviva.agr.br\/?page_id=14781","og_site_name":"Cerca Viva","article_modified_time":"2023-09-11T14:03:28+00:00","og_image":[{"width":1920,"height":400,"url":"https:\/\/cercaviva.agr.br\/wp-content\/uploads\/2020\/07\/irrigacao-banner-titulo-1.jpg","type":"image\/jpeg"}],"twitter_card":"summary_large_image","twitter_misc":{"Est. tempo de leitura":"2 minutos"},"schema":{"@context":"https:\/\/schema.org","@graph":[{"@type":"WebPage","@id":"https:\/\/cercaviva.agr.br\/?page_id=14781","url":"https:\/\/cercaviva.agr.br\/?page_id=14781","name":"Servi\u00e7o T\u00e9cnico Cerca Viva - Com\u00e9rcio de Produtos Agr\u00edcolas","isPartOf":{"@id":"https:\/\/cercaviva.agr.br\/#website"},"primaryImageOfPage":{"@id":"https:\/\/cercaviva.agr.br\/?page_id=14781#primaryimage"},"image":{"@id":"https:\/\/cercaviva.agr.br\/?page_id=14781#primaryimage"},"thumbnailUrl":"https:\/\/cercaviva.agr.br\/wp-content\/uploads\/2020\/07\/irrigacao-banner-titulo-1.jpg","datePublished":"2020-07-31T21:15:52+00:00","dateModified":"2023-09-11T14:03:28+00:00","description":"Oferecemos solu\u00e7\u00f5es confi\u00e1veis em sistemas de irriga\u00e7\u00e3o por gotejamento, com excelente custo-benef\u00edcio. Servi\u00e7o T\u00e9cnico Cerca Viva.","breadcrumb":{"@id":"https:\/\/cercaviva.agr.br\/?page_id=14781#breadcrumb"},"inLanguage":"pt-BR","potentialAction":[{"@type":"ReadAction","target":["https:\/\/cercaviva.agr.br\/?page_id=14781"]}]},{"@type":"ImageObject","inLanguage":"pt-BR","@id":"https:\/\/cercaviva.agr.br\/?page_id=14781#primaryimage","url":"https:\/\/cercaviva.agr.br\/wp-content\/uploads\/2020\/07\/irrigacao-banner-titulo-1.jpg","contentUrl":"https:\/\/cercaviva.agr.br\/wp-content\/uploads\/2020\/07\/irrigacao-banner-titulo-1.jpg","width":1920,"height":400,"caption":"Servi\u00e7o T\u00e9cnico Cerca Viva"},{"@type":"BreadcrumbList","@id":"https:\/\/cercaviva.agr.br\/?page_id=14781#breadcrumb","itemListElement":[{"@type":"ListItem","position":1,"name":"In\u00edcio","item":"https:\/\/cercaviva.agr.br\/"},{"@type":"ListItem","position":2,"name":"Servi\u00e7o T\u00e9cnico"}]},{"@type":"WebSite","@id":"https:\/\/cercaviva.agr.br\/#website","url":"https:\/\/cercaviva.agr.br\/","name":"Cerca Viva","description":"","potentialAction":[{"@type":"SearchAction","target":{"@type":"EntryPoint","urlTemplate":"https:\/\/cercaviva.agr.br\/?s={search_term_string}"},"query-input":{"@type":"PropertyValueSpecification","valueRequired":true,"valueName":"search_term_string"}}],"inLanguage":"pt-BR"}]}},"_links":{"self":[{"href":"https:\/\/cercaviva.agr.br\/index.php?rest_route=\/wp\/v2\/pages\/14781","targetHints":{"allow":["GET"]}}],"collection":[{"href":"https:\/\/cercaviva.agr.br\/index.php?rest_route=\/wp\/v2\/pages"}],"about":[{"href":"https:\/\/cercaviva.agr.br\/index.php?rest_route=\/wp\/v2\/types\/page"}],"author":[{"embeddable":true,"href":"https:\/\/cercaviva.agr.br\/index.php?rest_route=\/wp\/v2\/users\/1"}],"replies":[{"embeddable":true,"href":"https:\/\/cercaviva.agr.br\/index.php?rest_route=%2Fwp%2Fv2%2Fcomments&post=14781"}],"version-history":[{"count":8,"href":"https:\/\/cercaviva.agr.br\/index.php?rest_route=\/wp\/v2\/pages\/14781\/revisions"}],"predecessor-version":[{"id":15049,"href":"https:\/\/cercaviva.agr.br\/index.php?rest_route=\/wp\/v2\/pages\/14781\/revisions\/15049"}],"wp:featuredmedia":[{"embeddable":true,"href":"https:\/\/cercaviva.agr.br\/index.php?rest_route=\/wp\/v2\/media\/14782"}],"wp:attachment":[{"href":"https:\/\/cercaviva.agr.br\/index.php?rest_route=%2Fwp%2Fv2%2Fmedia&parent=14781"}],"curies":[{"name":"wp","href":"https:\/\/api.w.org\/{rel}","templated":true}]}}