{"id":14770,"date":"2020-07-31T18:12:26","date_gmt":"2020-07-31T21:12:26","guid":{"rendered":"http:\/\/cercaviva.agr.br\/?page_id=14770"},"modified":"2020-10-07T12:12:39","modified_gmt":"2020-10-07T15:12:39","slug":"fertilizantes-cerca-viva","status":"publish","type":"page","link":"https:\/\/cercaviva.agr.br\/?page_id=14770","title":{"rendered":"Fertilizantes"},"content":{"rendered":"<div class=\"wpb-content-wrapper\"><p>[vc_row][vc_column][vc_column_text]<\/p>\n<p class=\"p1\" style=\"text-align: center;\">Fertilizantes ou adubos (sint\u00e9ticos ou org\u00e2nicos) s\u00e3o qualquer tipo de subst\u00e2ncia aplicada ao solo ou tecidos vegetais (geralmente as folhas) para prover um ou mais nutrientes essenciais ao crescimento das plantas. S\u00e3o aplicados na agricultura com o intuito de melhorar a produ\u00e7\u00e3o.<\/p>\n<p class=\"p1\" style=\"text-align: center;\">No Brasil, \u00e9 comum referir-se aos fertilizantes como &#8220;adubo sint\u00e9tico&#8221; e, simplesmente &#8220;adubo&#8221;, ou esterco animal para fertilizantes de origem org\u00e2nica.<\/p>\n<p class=\"p1\" style=\"text-align: center;\">Possu\u00edmos uma grande diversidade de fertilizantes, para todas as fases da planta\u00e7\u00e3o, para melhor suprir as necessidades e fazer com que seu cultivo seja melhor e a lavoura esteja mais bem preparada para eventuais adversidades.<\/p>\n<p>[\/vc_column_text]\r\n\t<div class=\"agrikole-spacer clearfix\" data-desktop=\"80\" data-mobi=\"0\" data-smobi=\"0\"><\/div>[\/vc_column][\/vc_row][vc_row][vc_column width=&#8221;1\/3&#8243;]<div class=\"agrikole-headings clearfix text-center\"  style=\"\"><h2 class=\"heading clearfix \" style=\"\">\r\n\t\tDefensivos Agr\u00edcolas\r\n\t<\/h2><\/div><div class=\"agrikole-image-box clearfix style-1  image-hover\" style=\"\" >\r\n        <div class=\"item\">\r\n            <div class=\"inner\">\r\n                <div class=\"thumb\" style=\"border-radius:20px; overflow:hidden;\"><div class=\"hover-image\">\r\n        <a target=\"_blank\" class=\"arrow\" href=\"http:\/\/cercaviva.agr.br\/defensivos-agricolas\/\">\r\n            <span class=\"core-icon-next\"><\/span>\r\n        <\/a>\r\n        <\/div> <img decoding=\"async\" width=\"750\" height=\"450\" src=\"https:\/\/cercaviva.agr.br\/wp-content\/uploads\/2020\/07\/defensivos-750x450-1.jpg\" class=\"attachment-full size-full\" alt=\"\" srcset=\"https:\/\/cercaviva.agr.br\/wp-content\/uploads\/2020\/07\/defensivos-750x450-1.jpg 750w, https:\/\/cercaviva.agr.br\/wp-content\/uploads\/2020\/07\/defensivos-750x450-1-300x180.jpg 300w\" sizes=\"(max-width: 750px) 100vw, 750px\" \/><\/div>\r\n                <div class=\"text-wrap \" style=\" padding:45px 50px 43px;\">\r\n                      \r\n                <\/div>\r\n            <\/div>\r\n        <\/div>\r\n    <\/div>[\/vc_column][vc_column width=&#8221;1\/3&#8243;]<div class=\"agrikole-headings clearfix text-center\"  style=\"\"><h2 class=\"heading clearfix \" style=\"\">\r\n\t\tSementes\r\n\t<\/h2><\/div><div class=\"agrikole-image-box clearfix style-1  image-hover\" style=\"\" >\r\n        <div class=\"item\">\r\n            <div class=\"inner\">\r\n                <div class=\"thumb\" style=\"border-radius:20px; overflow:hidden;\"><div class=\"hover-image\">\r\n        <a target=\"_blank\" class=\"arrow\" href=\"http:\/\/cercaviva.agr.br\/sementes\/\">\r\n            <span class=\"core-icon-next\"><\/span>\r\n        <\/a>\r\n        <\/div> <img decoding=\"async\" width=\"750\" height=\"450\" src=\"https:\/\/cercaviva.agr.br\/wp-content\/uploads\/2020\/07\/semente-750x450-1.jpg\" class=\"attachment-full size-full\" alt=\"\" srcset=\"https:\/\/cercaviva.agr.br\/wp-content\/uploads\/2020\/07\/semente-750x450-1.jpg 750w, https:\/\/cercaviva.agr.br\/wp-content\/uploads\/2020\/07\/semente-750x450-1-300x180.jpg 300w\" sizes=\"(max-width: 750px) 100vw, 750px\" \/><\/div>\r\n                <div class=\"text-wrap \" style=\" padding:45px 50px 43px;\">\r\n                      \r\n                <\/div>\r\n            <\/div>\r\n        <\/div>\r\n    <\/div>[\/vc_column][vc_column width=&#8221;1\/3&#8243;]<div class=\"agrikole-headings clearfix text-center\"  style=\"\"><h2 class=\"heading clearfix \" style=\"\">\r\n\t\tServi\u00e7o T\u00e9cnico\r\n\t<\/h2><\/div><div class=\"agrikole-image-box clearfix style-1  image-hover\" style=\"\" >\r\n        <div class=\"item\">\r\n            <div class=\"inner\">\r\n                <div class=\"thumb\" style=\"border-radius:20px; overflow:hidden;\"><div class=\"hover-image\">\r\n        <a target=\"_blank\" class=\"arrow\" href=\"http:\/\/cercaviva.agr.br\/irrigacao\/\">\r\n            <span class=\"core-icon-next\"><\/span>\r\n        <\/a>\r\n        <\/div> <img decoding=\"async\" width=\"750\" height=\"450\" src=\"https:\/\/cercaviva.agr.br\/wp-content\/uploads\/2020\/07\/irrigacao-750x450-1.jpg\" class=\"attachment-full size-full\" alt=\"\" srcset=\"https:\/\/cercaviva.agr.br\/wp-content\/uploads\/2020\/07\/irrigacao-750x450-1.jpg 750w, https:\/\/cercaviva.agr.br\/wp-content\/uploads\/2020\/07\/irrigacao-750x450-1-300x180.jpg 300w\" sizes=\"(max-width: 750px) 100vw, 750px\" \/><\/div>\r\n                <div class=\"text-wrap \" style=\" padding:45px 50px 43px;\">\r\n                      \r\n                <\/div>\r\n            <\/div>\r\n        <\/div>\r\n    <\/div>[\/vc_column][\/vc_row][vc_row disable_element=&#8221;yes&#8221;][vc_column][vc_column_text]<\/p>\n<p class=\"p1\" style=\"text-align: center;\"><a href=\"http:\/\/cercaviva.agr.br\/fertilizantes\/\">Fertilizantes<\/a> ou adubos (sint\u00e9ticos ou org\u00e2nicos) s\u00e3o qualquer tipo de subst\u00e2ncia aplicada ao solo ou tecidos vegetais (geralmente as folhas) para prover um ou mais nutrientes essenciais ao crescimento das plantas. S\u00e3o aplicados na agricultura com o intuito de melhorar a produ\u00e7\u00e3o.<\/p>\n<p class=\"p1\" style=\"text-align: center;\">No Brasil, \u00e9 comum referir-se aos fertilizantes como &#8220;adubo sint\u00e9tico&#8221; e, simplesmente &#8220;<a href=\"https:\/\/pt.wikipedia.org\/wiki\/Aduba\u00e7\u00e3o\">adubo<\/a>&#8220;, ou esterco animal para fertilizantes de origem org\u00e2nica.<\/p>\n<p class=\"p1\" style=\"text-align: center;\">Possu\u00edmos uma grande diversidade de fertilizantes, para todas as fases da planta\u00e7\u00e3o, para melhor suprir as necessidades e fazer com que seu cultivo seja melhor e a lavoura esteja mais bem preparada para eventuais adversidades.<\/p>\n<p class=\"p1\" style=\"text-align: center;\">Fertilizantes ou adubos (sint\u00e9ticos ou org\u00e2nicos) s\u00e3o qualquer tipo de subst\u00e2ncia aplicada ao solo ou tecidos vegetais (geralmente as folhas) para prover um ou mais nutrientes essenciais ao crescimento das plantas. S\u00e3o aplicados na agricultura com o intuito de melhorar a produ\u00e7\u00e3o.<\/p>\n<p class=\"p1\" style=\"text-align: center;\">No Brasil, \u00e9 comum referir-se aos fertilizantes como &#8220;adubo sint\u00e9tico&#8221; e, simplesmente &#8220;adubo&#8221;, ou esterco animal para fertilizantes de origem org\u00e2nica.<\/p>\n<p class=\"p1\" style=\"text-align: center;\">Possu\u00edmos uma grande diversidade de fertilizantes, para todas as fases da planta\u00e7\u00e3o, para melhor suprir as necessidades e fazer com que seu cultivo seja melhor e a lavoura esteja mais bem preparada para eventuais adversidades.<\/p>\n<p>Fertilizantes Cerca Viva<\/p>\n<p>Fertilizantes Cerca Viva<\/p>\n<p>keywords: Pragas, Doen\u00e7as, Citrus, Soja, Milho, Caf\u00e9, HF, Insumos agr\u00edcolas, Defensivos, Assist\u00eancia t\u00e9cnica, Sementes, Nutri\u00e7\u00e3o plantas, Tomate[\/vc_column_text][\/vc_column][\/vc_row][vc_row][vc_column][\/vc_column][\/vc_row]<\/p>\n<\/div>","protected":false},"excerpt":{"rendered":"<p>[vc_row][vc_column][vc_column_text] Fertilizantes ou adubos (sint\u00e9ticos ou org\u00e2nicos) s\u00e3o qualquer tipo de subst\u00e2ncia aplicada ao solo ou tecidos vegetais (geralmente as folhas) para prover um ou mais nutrientes essenciais ao crescimento das plantas. S\u00e3o aplicados na agricultura com o intuito de melhorar a produ\u00e7\u00e3o. No Brasil, \u00e9 comum referir-se aos fertilizantes<\/p>\n","protected":false},"author":1,"featured_media":14771,"parent":0,"menu_order":0,"comment_status":"closed","ping_status":"closed","template":"","meta":{"_monsterinsights_skip_tracking":false,"_monsterinsights_sitenote_active":false,"_monsterinsights_sitenote_note":"","_monsterinsights_sitenote_category":0,"footnotes":""},"class_list":["post-14770","page","type-page","status-publish","has-post-thumbnail","hentry"],"yoast_head":"<!-- This site is optimized with the Yoast SEO plugin v27.0 - https:\/\/yoast.com\/product\/yoast-seo-wordpress\/ -->\n<title>Fertilizantes Cerca Viva - Com\u00e9rcio de Produtos Agr\u00edcolas<\/title>\n<meta name=\"description\" content=\"Todo produtor busca uma linha de Fertilizantes de alta qualidade, sendo assim, a cerca viva disponibiliza uma grande variedades de produtos.\" \/>\n<meta name=\"robots\" content=\"index, follow, max-snippet:-1, max-image-preview:large, max-video-preview:-1\" \/>\n<link rel=\"canonical\" href=\"https:\/\/cercaviva.agr.br\/?page_id=14770\" \/>\n<meta property=\"og:locale\" content=\"pt_BR\" \/>\n<meta property=\"og:type\" content=\"article\" \/>\n<meta property=\"og:title\" content=\"Fertilizantes Cerca Viva - Com\u00e9rcio de Produtos Agr\u00edcolas\" \/>\n<meta property=\"og:description\" content=\"Todo produtor busca uma linha de Fertilizantes de alta qualidade, sendo assim, a cerca viva disponibiliza uma grande variedades de produtos.\" \/>\n<meta property=\"og:url\" content=\"https:\/\/cercaviva.agr.br\/?page_id=14770\" \/>\n<meta property=\"og:site_name\" content=\"Cerca Viva\" \/>\n<meta property=\"article:modified_time\" content=\"2020-10-07T15:12:39+00:00\" \/>\n<meta property=\"og:image\" content=\"https:\/\/cercaviva.agr.br\/wp-content\/uploads\/2020\/07\/fertilizantes-banner-titulo-1.jpg\" \/>\n\t<meta property=\"og:image:width\" content=\"1920\" \/>\n\t<meta property=\"og:image:height\" content=\"400\" \/>\n\t<meta property=\"og:image:type\" content=\"image\/jpeg\" \/>\n<meta name=\"twitter:card\" content=\"summary_large_image\" \/>\n<meta name=\"twitter:label1\" content=\"Est. tempo de leitura\" \/>\n\t<meta name=\"twitter:data1\" content=\"2 minutos\" \/>\n<script type=\"application\/ld+json\" class=\"yoast-schema-graph\">{\"@context\":\"https:\/\/schema.org\",\"@graph\":[{\"@type\":\"WebPage\",\"@id\":\"https:\/\/cercaviva.agr.br\/?page_id=14770\",\"url\":\"https:\/\/cercaviva.agr.br\/?page_id=14770\",\"name\":\"Fertilizantes Cerca Viva - Com\u00e9rcio de Produtos Agr\u00edcolas\",\"isPartOf\":{\"@id\":\"https:\/\/cercaviva.agr.br\/#website\"},\"primaryImageOfPage\":{\"@id\":\"https:\/\/cercaviva.agr.br\/?page_id=14770#primaryimage\"},\"image\":{\"@id\":\"https:\/\/cercaviva.agr.br\/?page_id=14770#primaryimage\"},\"thumbnailUrl\":\"https:\/\/cercaviva.agr.br\/wp-content\/uploads\/2020\/07\/fertilizantes-banner-titulo-1.jpg\",\"datePublished\":\"2020-07-31T21:12:26+00:00\",\"dateModified\":\"2020-10-07T15:12:39+00:00\",\"description\":\"Todo produtor busca uma linha de Fertilizantes de alta qualidade, sendo assim, a cerca viva disponibiliza uma grande variedades de produtos.\",\"breadcrumb\":{\"@id\":\"https:\/\/cercaviva.agr.br\/?page_id=14770#breadcrumb\"},\"inLanguage\":\"pt-BR\",\"potentialAction\":[{\"@type\":\"ReadAction\",\"target\":[\"https:\/\/cercaviva.agr.br\/?page_id=14770\"]}]},{\"@type\":\"ImageObject\",\"inLanguage\":\"pt-BR\",\"@id\":\"https:\/\/cercaviva.agr.br\/?page_id=14770#primaryimage\",\"url\":\"https:\/\/cercaviva.agr.br\/wp-content\/uploads\/2020\/07\/fertilizantes-banner-titulo-1.jpg\",\"contentUrl\":\"https:\/\/cercaviva.agr.br\/wp-content\/uploads\/2020\/07\/fertilizantes-banner-titulo-1.jpg\",\"width\":1920,\"height\":400,\"caption\":\"Fertilizantes Cerca Viva\"},{\"@type\":\"BreadcrumbList\",\"@id\":\"https:\/\/cercaviva.agr.br\/?page_id=14770#breadcrumb\",\"itemListElement\":[{\"@type\":\"ListItem\",\"position\":1,\"name\":\"In\u00edcio\",\"item\":\"https:\/\/cercaviva.agr.br\/\"},{\"@type\":\"ListItem\",\"position\":2,\"name\":\"Fertilizantes\"}]},{\"@type\":\"WebSite\",\"@id\":\"https:\/\/cercaviva.agr.br\/#website\",\"url\":\"https:\/\/cercaviva.agr.br\/\",\"name\":\"Cerca Viva\",\"description\":\"\",\"potentialAction\":[{\"@type\":\"SearchAction\",\"target\":{\"@type\":\"EntryPoint\",\"urlTemplate\":\"https:\/\/cercaviva.agr.br\/?s={search_term_string}\"},\"query-input\":{\"@type\":\"PropertyValueSpecification\",\"valueRequired\":true,\"valueName\":\"search_term_string\"}}],\"inLanguage\":\"pt-BR\"}]}<\/script>\n<!-- \/ Yoast SEO plugin. -->","yoast_head_json":{"title":"Fertilizantes Cerca Viva - Com\u00e9rcio de Produtos Agr\u00edcolas","description":"Todo produtor busca uma linha de Fertilizantes de alta qualidade, sendo assim, a cerca viva disponibiliza uma grande variedades de produtos.","robots":{"index":"index","follow":"follow","max-snippet":"max-snippet:-1","max-image-preview":"max-image-preview:large","max-video-preview":"max-video-preview:-1"},"canonical":"https:\/\/cercaviva.agr.br\/?page_id=14770","og_locale":"pt_BR","og_type":"article","og_title":"Fertilizantes Cerca Viva - Com\u00e9rcio de Produtos Agr\u00edcolas","og_description":"Todo produtor busca uma linha de Fertilizantes de alta qualidade, sendo assim, a cerca viva disponibiliza uma grande variedades de produtos.","og_url":"https:\/\/cercaviva.agr.br\/?page_id=14770","og_site_name":"Cerca Viva","article_modified_time":"2020-10-07T15:12:39+00:00","og_image":[{"width":1920,"height":400,"url":"https:\/\/cercaviva.agr.br\/wp-content\/uploads\/2020\/07\/fertilizantes-banner-titulo-1.jpg","type":"image\/jpeg"}],"twitter_card":"summary_large_image","twitter_misc":{"Est. tempo de leitura":"2 minutos"},"schema":{"@context":"https:\/\/schema.org","@graph":[{"@type":"WebPage","@id":"https:\/\/cercaviva.agr.br\/?page_id=14770","url":"https:\/\/cercaviva.agr.br\/?page_id=14770","name":"Fertilizantes Cerca Viva - Com\u00e9rcio de Produtos Agr\u00edcolas","isPartOf":{"@id":"https:\/\/cercaviva.agr.br\/#website"},"primaryImageOfPage":{"@id":"https:\/\/cercaviva.agr.br\/?page_id=14770#primaryimage"},"image":{"@id":"https:\/\/cercaviva.agr.br\/?page_id=14770#primaryimage"},"thumbnailUrl":"https:\/\/cercaviva.agr.br\/wp-content\/uploads\/2020\/07\/fertilizantes-banner-titulo-1.jpg","datePublished":"2020-07-31T21:12:26+00:00","dateModified":"2020-10-07T15:12:39+00:00","description":"Todo produtor busca uma linha de Fertilizantes de alta qualidade, sendo assim, a cerca viva disponibiliza uma grande variedades de produtos.","breadcrumb":{"@id":"https:\/\/cercaviva.agr.br\/?page_id=14770#breadcrumb"},"inLanguage":"pt-BR","potentialAction":[{"@type":"ReadAction","target":["https:\/\/cercaviva.agr.br\/?page_id=14770"]}]},{"@type":"ImageObject","inLanguage":"pt-BR","@id":"https:\/\/cercaviva.agr.br\/?page_id=14770#primaryimage","url":"https:\/\/cercaviva.agr.br\/wp-content\/uploads\/2020\/07\/fertilizantes-banner-titulo-1.jpg","contentUrl":"https:\/\/cercaviva.agr.br\/wp-content\/uploads\/2020\/07\/fertilizantes-banner-titulo-1.jpg","width":1920,"height":400,"caption":"Fertilizantes Cerca Viva"},{"@type":"BreadcrumbList","@id":"https:\/\/cercaviva.agr.br\/?page_id=14770#breadcrumb","itemListElement":[{"@type":"ListItem","position":1,"name":"In\u00edcio","item":"https:\/\/cercaviva.agr.br\/"},{"@type":"ListItem","position":2,"name":"Fertilizantes"}]},{"@type":"WebSite","@id":"https:\/\/cercaviva.agr.br\/#website","url":"https:\/\/cercaviva.agr.br\/","name":"Cerca Viva","description":"","potentialAction":[{"@type":"SearchAction","target":{"@type":"EntryPoint","urlTemplate":"https:\/\/cercaviva.agr.br\/?s={search_term_string}"},"query-input":{"@type":"PropertyValueSpecification","valueRequired":true,"valueName":"search_term_string"}}],"inLanguage":"pt-BR"}]}},"_links":{"self":[{"href":"https:\/\/cercaviva.agr.br\/index.php?rest_route=\/wp\/v2\/pages\/14770","targetHints":{"allow":["GET"]}}],"collection":[{"href":"https:\/\/cercaviva.agr.br\/index.php?rest_route=\/wp\/v2\/pages"}],"about":[{"href":"https:\/\/cercaviva.agr.br\/index.php?rest_route=\/wp\/v2\/types\/page"}],"author":[{"embeddable":true,"href":"https:\/\/cercaviva.agr.br\/index.php?rest_route=\/wp\/v2\/users\/1"}],"replies":[{"embeddable":true,"href":"https:\/\/cercaviva.agr.br\/index.php?rest_route=%2Fwp%2Fv2%2Fcomments&post=14770"}],"version-history":[{"count":8,"href":"https:\/\/cercaviva.agr.br\/index.php?rest_route=\/wp\/v2\/pages\/14770\/revisions"}],"predecessor-version":[{"id":15007,"href":"https:\/\/cercaviva.agr.br\/index.php?rest_route=\/wp\/v2\/pages\/14770\/revisions\/15007"}],"wp:featuredmedia":[{"embeddable":true,"href":"https:\/\/cercaviva.agr.br\/index.php?rest_route=\/wp\/v2\/media\/14771"}],"wp:attachment":[{"href":"https:\/\/cercaviva.agr.br\/index.php?rest_route=%2Fwp%2Fv2%2Fmedia&parent=14770"}],"curies":[{"name":"wp","href":"https:\/\/api.w.org\/{rel}","templated":true}]}}