{"id":14732,"date":"2020-07-31T17:02:35","date_gmt":"2020-07-31T20:02:35","guid":{"rendered":"http:\/\/cercaviva.agr.br\/?page_id=14732"},"modified":"2023-03-14T08:32:35","modified_gmt":"2023-03-14T11:32:35","slug":"produtos-cerca-viva","status":"publish","type":"page","link":"https:\/\/cercaviva.agr.br\/?page_id=14732","title":{"rendered":"Produtos"},"content":{"rendered":"<div class=\"wpb-content-wrapper\"><p>[vc_row][vc_column]<div class=\"agrikole-headings clearfix text-center\" data-font=70 data-mfont=60 style=\"\"><h1 class=\"heading clearfix \" style=\"line-height:70px;font-size:70px;\">\r\n\t\tNOSSOS PRODUTOS\r\n\t<\/h1><div class=\"sep clearfix\" style=\"margin:5px 0 0;\">\r\n\t\t\t\t<img decoding=\"async\" alt=\"image\" src=\"https:\/\/cercaviva.agr.br\/wp-content\/uploads\/2020\/01\/separator.png\">\r\n\t\t\t<\/div><\/div>\r\n\t<div class=\"agrikole-spacer clearfix\" data-desktop=\"70\" data-mobi=\"40\" data-smobi=\"40\"><\/div>[\/vc_column][\/vc_row][vc_row disable_element=&#8221;yes&#8221;][vc_column][vc_column_text]Produtos Cerca Viva Produtos Cerca Viva<\/p>\n<p class=\"p1\">O combate \u00e0s pragas da lavoura, indispens\u00e1vel para assegurar a integridade das colheitas, pode acarretar efeitos negativos quando realizado com emprego inadequado de defensivos agr\u00edcolas. Entre as piores conseq\u00fc\u00eancias do uso desses produtos se enumeram a agress\u00e3o ao meio ambiente, a contamina\u00e7\u00e3o de alimentos, preju\u00edzos para a sa\u00fade de quem os manipula e a imuniza\u00e7\u00e3o progressiva aos agrot\u00f3xicos dos seres vivos que se pretende eliminar, o que acaba por exigir o emprego de drogas cada vez mais potentes e em quantidades maiores.<\/p>\n<p class=\"p1\"><a href=\"http:\/\/cercaviva.agr.br\/defensivos-agricolas\/\">Defensivos agr\u00edcolas<\/a> s\u00e3o subst\u00e2ncias ou misturas, naturais ou sint\u00e9ticas, usadas para destruir plantas, animais (principalmente insetos), fungos, bact\u00e9rias e v\u00edrus que prejudicam as planta\u00e7\u00f5es. Enquadram-se em v\u00e1rias categorias: germicidas, que destroem microrganismos patog\u00eanicos e embri\u00f5es; fungicidas, que eliminam fungos e fung\u00f5es; herbicidas, que combatem as ervas daninhas que brotam no meio de certas culturas e prejudicam seu desenvolvimento; raticidas; formicidas; cupinicidas e outros.<\/p>\n<p class=\"p1\">Fertilizantes ou adubos (sint\u00e9ticos ou org\u00e2nicos) s\u00e3o qualquer tipo de subst\u00e2ncia aplicada ao solo ou tecidos vegetais (geralmente as folhas) para prover um ou mais nutrientes essenciais ao crescimento das plantas. S\u00e3o aplicados na agricultura com o intuito de melhorar a produ\u00e7\u00e3o.<\/p>\n<p class=\"p1\">No Brasil, \u00e9 comum referir-se aos fertilizantes como \u201cadubo sint\u00e9tico\u201d e, simplesmente \u201cadubo\u201d, ou esterco animal para fertilizantes de origem org\u00e2nica.<\/p>\n<p class=\"p1\">Possu\u00edmos uma grande diversidade de fertilizantes, para todas as fases da planta\u00e7\u00e3o, para melhor suprir as necessidades e fazer com que seu cultivo seja melhor e a lavoura esteja mais bem preparada para eventuais adversidades.<\/p>\n<p><span>Contamos com <a href=\"http:\/\/www.abrasem.com.br\/sementes-de-alta-qualidade-aumentam-producao-de-soja-entre-10-e-15\/\">sementes de alta qualidade<\/a> e tecnologia, para agricultores que buscam atingir maiores produtividades, por meio de t\u00e9cnicas avan\u00e7adas e sempre com a decis\u00e3o mais apropriada \u00e0 sua realidade. As sementes comercializadas pela Cerca Viva Agro Comercial t\u00eam padr\u00e3o de qualidade internacional, rigorosos processos de sele\u00e7\u00e3o e an\u00e1lise de fornecedores, para melhor obten\u00e7\u00e3o de gen\u00e9tica da semente.<\/span>[\/vc_column_text][\/vc_column][\/vc_row][vc_row][vc_column width=&#8221;1\/3&#8243;]<div class=\"agrikole-headings clearfix text-center\" data-font=50 data-mfont=40 style=\"\"><h4 class=\"heading clearfix \" style=\"line-height:50px;font-size:50px;\">\r\n\t\tDefensivos Agr\u00edcolas\r\n\t<\/h4><\/div>\r\n\t<div class=\"agrikole-spacer clearfix\" data-desktop=\"25\" data-mobi=\"40\" data-smobi=\"40\"><\/div><div class=\"agrikole-image-box clearfix style-1  image-hover\" style=\"\" >\r\n        <div class=\"item\">\r\n            <div class=\"inner\">\r\n                <div class=\"thumb\" style=\"border-radius:20px; overflow:hidden;\"><div class=\"hover-image\">\r\n        <a target=\"_blank\" class=\"arrow\" href=\"http:\/\/cercaviva.agr.br\/defensivos-agricolas\/\">\r\n            <span class=\"core-icon-next\"><\/span>\r\n        <\/a>\r\n        <\/div> <img decoding=\"async\" width=\"750\" height=\"450\" src=\"https:\/\/cercaviva.agr.br\/wp-content\/uploads\/2020\/07\/defensivos-750x450-1.jpg\" class=\"attachment-full size-full\" alt=\"\" srcset=\"https:\/\/cercaviva.agr.br\/wp-content\/uploads\/2020\/07\/defensivos-750x450-1.jpg 750w, https:\/\/cercaviva.agr.br\/wp-content\/uploads\/2020\/07\/defensivos-750x450-1-300x180.jpg 300w\" sizes=\"(max-width: 750px) 100vw, 750px\" \/><\/div>\r\n                <div class=\"text-wrap \" style=\" padding:45px 50px 43px;\">\r\n                      \r\n                <\/div>\r\n            <\/div>\r\n        <\/div>\r\n    <\/div>\r\n\t<div class=\"agrikole-spacer clearfix\" data-desktop=\"40\" data-mobi=\"40\" data-smobi=\"40\"><\/div>[\/vc_column][vc_column width=&#8221;1\/3&#8243;]<div class=\"agrikole-headings clearfix text-center\" data-font=50 data-mfont=40 style=\"\"><h2 class=\"heading clearfix \" style=\"line-height:50px;font-size:50px;\">\r\n\t\tFertilizantes\r\n\t<\/h2><\/div>\r\n\t<div class=\"agrikole-spacer clearfix\" data-desktop=\"25\" data-mobi=\"40\" data-smobi=\"40\"><\/div><div class=\"agrikole-image-box clearfix style-1  image-hover\" style=\"\" >\r\n        <div class=\"item\">\r\n            <div class=\"inner\">\r\n                <div class=\"thumb\" style=\"border-radius:20px; overflow:hidden;\"><div class=\"hover-image\">\r\n        <a target=\"_blank\" class=\"arrow\" href=\"http:\/\/cercaviva.agr.br\/fertilizantes\/\">\r\n            <span class=\"core-icon-next\"><\/span>\r\n        <\/a>\r\n        <\/div> <img decoding=\"async\" width=\"750\" height=\"450\" src=\"https:\/\/cercaviva.agr.br\/wp-content\/uploads\/2020\/07\/adubo-750x450-1.jpg\" class=\"attachment-full size-full\" alt=\"\" srcset=\"https:\/\/cercaviva.agr.br\/wp-content\/uploads\/2020\/07\/adubo-750x450-1.jpg 750w, https:\/\/cercaviva.agr.br\/wp-content\/uploads\/2020\/07\/adubo-750x450-1-300x180.jpg 300w\" sizes=\"(max-width: 750px) 100vw, 750px\" \/><\/div>\r\n                <div class=\"text-wrap \" style=\" padding:45px 50px 43px;\">\r\n                      \r\n                <\/div>\r\n            <\/div>\r\n        <\/div>\r\n    <\/div>\r\n\t<div class=\"agrikole-spacer clearfix\" data-desktop=\"40\" data-mobi=\"40\" data-smobi=\"40\"><\/div>[\/vc_column][vc_column width=&#8221;1\/3&#8243;]<div class=\"agrikole-headings clearfix text-center\" data-font=50 data-mfont=40 style=\"\"><h2 class=\"heading clearfix \" style=\"line-height:50px;font-size:50px;\">\r\n\t\tSementes\r\n\t<\/h2><\/div>\r\n\t<div class=\"agrikole-spacer clearfix\" data-desktop=\"25\" data-mobi=\"40\" data-smobi=\"40\"><\/div><div class=\"agrikole-image-box clearfix style-1  image-hover\" style=\"\" >\r\n        <div class=\"item\">\r\n            <div class=\"inner\">\r\n                <div class=\"thumb\" style=\"border-radius:20px; overflow:hidden;\"><div class=\"hover-image\">\r\n        <a target=\"_blank\" class=\"arrow\" href=\"http:\/\/cercaviva.agr.br\/sementes\/\">\r\n            <span class=\"core-icon-next\"><\/span>\r\n        <\/a>\r\n        <\/div> <img decoding=\"async\" width=\"770\" height=\"467\" src=\"https:\/\/cercaviva.agr.br\/wp-content\/uploads\/2020\/07\/sementes-home.jpg\" class=\"attachment-full size-full\" alt=\"\" srcset=\"https:\/\/cercaviva.agr.br\/wp-content\/uploads\/2020\/07\/sementes-home.jpg 770w, https:\/\/cercaviva.agr.br\/wp-content\/uploads\/2020\/07\/sementes-home-300x182.jpg 300w, https:\/\/cercaviva.agr.br\/wp-content\/uploads\/2020\/07\/sementes-home-768x466.jpg 768w\" sizes=\"(max-width: 770px) 100vw, 770px\" \/><\/div>\r\n                <div class=\"text-wrap \" style=\" padding:45px 50px 43px;\">\r\n                      \r\n                <\/div>\r\n            <\/div>\r\n        <\/div>\r\n    <\/div>[\/vc_column][\/vc_row][vc_row disable_element=&#8221;yes&#8221;][vc_column width=&#8221;1\/2&#8243;][\/vc_column][vc_column width=&#8221;1\/2&#8243;]<div class=\"agrikole-headings clearfix text-center\" data-font=70 data-mfont=60 style=\"\"><h2 class=\"heading clearfix \" style=\"line-height:70px;font-size:70px;\">\r\n\t\tIrriga\u00e7\u00e3o\r\n\t<\/h2><\/div>\r\n\t<div class=\"agrikole-spacer clearfix\" data-desktop=\"25\" data-mobi=\"40\" data-smobi=\"40\"><\/div><div class=\"agrikole-image-box clearfix style-1  image-hover\" style=\"\" >\r\n        <div class=\"item\">\r\n            <div class=\"inner\">\r\n                <div class=\"thumb\" style=\"border-radius:20px; overflow:hidden;\"><div class=\"hover-image\">\r\n        <a target=\"_blank\" class=\"arrow\" href=\"http:\/\/cercaviva.agr.br\/irrigacao\/\">\r\n            <span class=\"core-icon-next\"><\/span>\r\n        <\/a>\r\n        <\/div> <img decoding=\"async\" width=\"770\" height=\"467\" src=\"https:\/\/cercaviva.agr.br\/wp-content\/uploads\/2020\/07\/irrigacao-home.jpg\" class=\"attachment-full size-full\" alt=\"\" srcset=\"https:\/\/cercaviva.agr.br\/wp-content\/uploads\/2020\/07\/irrigacao-home.jpg 770w, https:\/\/cercaviva.agr.br\/wp-content\/uploads\/2020\/07\/irrigacao-home-300x182.jpg 300w, https:\/\/cercaviva.agr.br\/wp-content\/uploads\/2020\/07\/irrigacao-home-768x466.jpg 768w\" sizes=\"(max-width: 770px) 100vw, 770px\" \/><\/div>\r\n                <div class=\"text-wrap \" style=\" padding:45px 50px 43px;\">\r\n                      \r\n                <\/div>\r\n            <\/div>\r\n        <\/div>\r\n    <\/div>[\/vc_column][\/vc_row][vc_row][vc_column]\r\n\t<div class=\"agrikole-spacer clearfix\" data-desktop=\"100\" data-mobi=\"60\" data-smobi=\"60\"><\/div>[\/vc_column][\/vc_row][vc_row][vc_column][\/vc_column][\/vc_row][vc_row][vc_column][\/vc_column][\/vc_row][vc_row][vc_column][\/vc_column][\/vc_row]<\/p>\n<\/div>","protected":false},"excerpt":{"rendered":"<p>[vc_row][vc_column][\/vc_column][\/vc_row][vc_row disable_element=&#8221;yes&#8221;][vc_column][vc_column_text]Produtos Cerca Viva Produtos Cerca Viva O combate \u00e0s pragas da lavoura, indispens\u00e1vel para assegurar a integridade das colheitas, pode acarretar efeitos negativos quando realizado com emprego inadequado de defensivos agr\u00edcolas. Entre as piores conseq\u00fc\u00eancias do uso desses produtos se enumeram a agress\u00e3o ao meio ambiente, a contamina\u00e7\u00e3o de<\/p>\n","protected":false},"author":1,"featured_media":14593,"parent":0,"menu_order":0,"comment_status":"closed","ping_status":"closed","template":"","meta":{"_monsterinsights_skip_tracking":false,"_monsterinsights_sitenote_active":false,"_monsterinsights_sitenote_note":"","_monsterinsights_sitenote_category":0,"footnotes":""},"class_list":["post-14732","page","type-page","status-publish","has-post-thumbnail","hentry"],"yoast_head":"<!-- This site is optimized with the Yoast SEO plugin v27.0 - https:\/\/yoast.com\/product\/yoast-seo-wordpress\/ -->\n<title>Produtos Cerca Viva - Com\u00e9rcio de Produtos Agr\u00edcolas<\/title>\n<meta name=\"description\" content=\"Aqui voc\u00ea encontra todos os nossos produtos cerca viva, os melhores produtos agr\u00edcolas para o seu agroneg\u00f3cio. Defensivos Agr\u00edcolas.\" \/>\n<meta name=\"robots\" content=\"index, follow, max-snippet:-1, max-image-preview:large, max-video-preview:-1\" \/>\n<link rel=\"canonical\" href=\"https:\/\/cercaviva.agr.br\/?page_id=14732\" \/>\n<meta property=\"og:locale\" content=\"pt_BR\" \/>\n<meta property=\"og:type\" content=\"article\" \/>\n<meta property=\"og:title\" content=\"Produtos Cerca Viva - Com\u00e9rcio de Produtos Agr\u00edcolas\" \/>\n<meta property=\"og:description\" content=\"Aqui voc\u00ea encontra todos os nossos produtos cerca viva, os melhores produtos agr\u00edcolas para o seu agroneg\u00f3cio. Defensivos Agr\u00edcolas.\" \/>\n<meta property=\"og:url\" content=\"https:\/\/cercaviva.agr.br\/?page_id=14732\" \/>\n<meta property=\"og:site_name\" content=\"Cerca Viva\" \/>\n<meta property=\"article:modified_time\" content=\"2023-03-14T11:32:35+00:00\" \/>\n<meta property=\"og:image\" content=\"https:\/\/cercaviva.agr.br\/wp-content\/uploads\/2020\/07\/sobre07.jpg\" \/>\n\t<meta property=\"og:image:width\" content=\"600\" \/>\n\t<meta property=\"og:image:height\" content=\"450\" \/>\n\t<meta property=\"og:image:type\" content=\"image\/jpeg\" \/>\n<meta name=\"twitter:card\" content=\"summary_large_image\" \/>\n<meta name=\"twitter:label1\" content=\"Est. tempo de leitura\" \/>\n\t<meta name=\"twitter:data1\" content=\"4 minutos\" \/>\n<script type=\"application\/ld+json\" class=\"yoast-schema-graph\">{\"@context\":\"https:\/\/schema.org\",\"@graph\":[{\"@type\":\"WebPage\",\"@id\":\"https:\/\/cercaviva.agr.br\/?page_id=14732\",\"url\":\"https:\/\/cercaviva.agr.br\/?page_id=14732\",\"name\":\"Produtos Cerca Viva - Com\u00e9rcio de Produtos Agr\u00edcolas\",\"isPartOf\":{\"@id\":\"https:\/\/cercaviva.agr.br\/#website\"},\"primaryImageOfPage\":{\"@id\":\"https:\/\/cercaviva.agr.br\/?page_id=14732#primaryimage\"},\"image\":{\"@id\":\"https:\/\/cercaviva.agr.br\/?page_id=14732#primaryimage\"},\"thumbnailUrl\":\"https:\/\/cercaviva.agr.br\/wp-content\/uploads\/2020\/07\/sobre07.jpg\",\"datePublished\":\"2020-07-31T20:02:35+00:00\",\"dateModified\":\"2023-03-14T11:32:35+00:00\",\"description\":\"Aqui voc\u00ea encontra todos os nossos produtos cerca viva, os melhores produtos agr\u00edcolas para o seu agroneg\u00f3cio. Defensivos Agr\u00edcolas.\",\"breadcrumb\":{\"@id\":\"https:\/\/cercaviva.agr.br\/?page_id=14732#breadcrumb\"},\"inLanguage\":\"pt-BR\",\"potentialAction\":[{\"@type\":\"ReadAction\",\"target\":[\"https:\/\/cercaviva.agr.br\/?page_id=14732\"]}]},{\"@type\":\"ImageObject\",\"inLanguage\":\"pt-BR\",\"@id\":\"https:\/\/cercaviva.agr.br\/?page_id=14732#primaryimage\",\"url\":\"https:\/\/cercaviva.agr.br\/wp-content\/uploads\/2020\/07\/sobre07.jpg\",\"contentUrl\":\"https:\/\/cercaviva.agr.br\/wp-content\/uploads\/2020\/07\/sobre07.jpg\",\"width\":600,\"height\":450,\"caption\":\"Produtos Cerca Viva\"},{\"@type\":\"BreadcrumbList\",\"@id\":\"https:\/\/cercaviva.agr.br\/?page_id=14732#breadcrumb\",\"itemListElement\":[{\"@type\":\"ListItem\",\"position\":1,\"name\":\"In\u00edcio\",\"item\":\"https:\/\/cercaviva.agr.br\/\"},{\"@type\":\"ListItem\",\"position\":2,\"name\":\"Produtos\"}]},{\"@type\":\"WebSite\",\"@id\":\"https:\/\/cercaviva.agr.br\/#website\",\"url\":\"https:\/\/cercaviva.agr.br\/\",\"name\":\"Cerca Viva\",\"description\":\"\",\"potentialAction\":[{\"@type\":\"SearchAction\",\"target\":{\"@type\":\"EntryPoint\",\"urlTemplate\":\"https:\/\/cercaviva.agr.br\/?s={search_term_string}\"},\"query-input\":{\"@type\":\"PropertyValueSpecification\",\"valueRequired\":true,\"valueName\":\"search_term_string\"}}],\"inLanguage\":\"pt-BR\"}]}<\/script>\n<!-- \/ Yoast SEO plugin. -->","yoast_head_json":{"title":"Produtos Cerca Viva - Com\u00e9rcio de Produtos Agr\u00edcolas","description":"Aqui voc\u00ea encontra todos os nossos produtos cerca viva, os melhores produtos agr\u00edcolas para o seu agroneg\u00f3cio. Defensivos Agr\u00edcolas.","robots":{"index":"index","follow":"follow","max-snippet":"max-snippet:-1","max-image-preview":"max-image-preview:large","max-video-preview":"max-video-preview:-1"},"canonical":"https:\/\/cercaviva.agr.br\/?page_id=14732","og_locale":"pt_BR","og_type":"article","og_title":"Produtos Cerca Viva - Com\u00e9rcio de Produtos Agr\u00edcolas","og_description":"Aqui voc\u00ea encontra todos os nossos produtos cerca viva, os melhores produtos agr\u00edcolas para o seu agroneg\u00f3cio. Defensivos Agr\u00edcolas.","og_url":"https:\/\/cercaviva.agr.br\/?page_id=14732","og_site_name":"Cerca Viva","article_modified_time":"2023-03-14T11:32:35+00:00","og_image":[{"width":600,"height":450,"url":"https:\/\/cercaviva.agr.br\/wp-content\/uploads\/2020\/07\/sobre07.jpg","type":"image\/jpeg"}],"twitter_card":"summary_large_image","twitter_misc":{"Est. tempo de leitura":"4 minutos"},"schema":{"@context":"https:\/\/schema.org","@graph":[{"@type":"WebPage","@id":"https:\/\/cercaviva.agr.br\/?page_id=14732","url":"https:\/\/cercaviva.agr.br\/?page_id=14732","name":"Produtos Cerca Viva - Com\u00e9rcio de Produtos Agr\u00edcolas","isPartOf":{"@id":"https:\/\/cercaviva.agr.br\/#website"},"primaryImageOfPage":{"@id":"https:\/\/cercaviva.agr.br\/?page_id=14732#primaryimage"},"image":{"@id":"https:\/\/cercaviva.agr.br\/?page_id=14732#primaryimage"},"thumbnailUrl":"https:\/\/cercaviva.agr.br\/wp-content\/uploads\/2020\/07\/sobre07.jpg","datePublished":"2020-07-31T20:02:35+00:00","dateModified":"2023-03-14T11:32:35+00:00","description":"Aqui voc\u00ea encontra todos os nossos produtos cerca viva, os melhores produtos agr\u00edcolas para o seu agroneg\u00f3cio. Defensivos Agr\u00edcolas.","breadcrumb":{"@id":"https:\/\/cercaviva.agr.br\/?page_id=14732#breadcrumb"},"inLanguage":"pt-BR","potentialAction":[{"@type":"ReadAction","target":["https:\/\/cercaviva.agr.br\/?page_id=14732"]}]},{"@type":"ImageObject","inLanguage":"pt-BR","@id":"https:\/\/cercaviva.agr.br\/?page_id=14732#primaryimage","url":"https:\/\/cercaviva.agr.br\/wp-content\/uploads\/2020\/07\/sobre07.jpg","contentUrl":"https:\/\/cercaviva.agr.br\/wp-content\/uploads\/2020\/07\/sobre07.jpg","width":600,"height":450,"caption":"Produtos Cerca Viva"},{"@type":"BreadcrumbList","@id":"https:\/\/cercaviva.agr.br\/?page_id=14732#breadcrumb","itemListElement":[{"@type":"ListItem","position":1,"name":"In\u00edcio","item":"https:\/\/cercaviva.agr.br\/"},{"@type":"ListItem","position":2,"name":"Produtos"}]},{"@type":"WebSite","@id":"https:\/\/cercaviva.agr.br\/#website","url":"https:\/\/cercaviva.agr.br\/","name":"Cerca Viva","description":"","potentialAction":[{"@type":"SearchAction","target":{"@type":"EntryPoint","urlTemplate":"https:\/\/cercaviva.agr.br\/?s={search_term_string}"},"query-input":{"@type":"PropertyValueSpecification","valueRequired":true,"valueName":"search_term_string"}}],"inLanguage":"pt-BR"}]}},"_links":{"self":[{"href":"https:\/\/cercaviva.agr.br\/index.php?rest_route=\/wp\/v2\/pages\/14732","targetHints":{"allow":["GET"]}}],"collection":[{"href":"https:\/\/cercaviva.agr.br\/index.php?rest_route=\/wp\/v2\/pages"}],"about":[{"href":"https:\/\/cercaviva.agr.br\/index.php?rest_route=\/wp\/v2\/types\/page"}],"author":[{"embeddable":true,"href":"https:\/\/cercaviva.agr.br\/index.php?rest_route=\/wp\/v2\/users\/1"}],"replies":[{"embeddable":true,"href":"https:\/\/cercaviva.agr.br\/index.php?rest_route=%2Fwp%2Fv2%2Fcomments&post=14732"}],"version-history":[{"count":32,"href":"https:\/\/cercaviva.agr.br\/index.php?rest_route=\/wp\/v2\/pages\/14732\/revisions"}],"predecessor-version":[{"id":15034,"href":"https:\/\/cercaviva.agr.br\/index.php?rest_route=\/wp\/v2\/pages\/14732\/revisions\/15034"}],"wp:featuredmedia":[{"embeddable":true,"href":"https:\/\/cercaviva.agr.br\/index.php?rest_route=\/wp\/v2\/media\/14593"}],"wp:attachment":[{"href":"https:\/\/cercaviva.agr.br\/index.php?rest_route=%2Fwp%2Fv2%2Fmedia&parent=14732"}],"curies":[{"name":"wp","href":"https:\/\/api.w.org\/{rel}","templated":true}]}}